{"id":19,"date":"2019-07-29T21:52:07","date_gmt":"2019-07-29T19:52:07","guid":{"rendered":"http:\/\/associaciolespona.cat\/reble\/?page_id=19"},"modified":"2019-09-02T13:08:19","modified_gmt":"2019-09-02T11:08:19","slug":"participa","status":"publish","type":"page","link":"https:\/\/associaciolespona.cat\/reble\/participa\/","title":{"rendered":"Participa"},"content":{"rendered":"\n<p>El Reble s&#8217;actualitzar\u00e0 cada dos mesos. Si esteu interessats a partipar-hi, podeu enviar la vostra aportaci\u00f3 a trav\u00e9s dels seg\u00fcents canals:<\/p>\n\n\n\n<p>\u2022 Posant-vos en contacte amb qualsevol membre de la junta.<\/p>\n\n\n\n<p>\u2022 Per correu electr\u00f2nic, a trav\u00e9s de l&#8217;adre\u00e7a de l&#8217;Associaci\u00f3: espona@associaciolespona.cat<\/p>\n\n\n\n<p>. A trav\u00e9s de la nostra p\u00e0gina de Facebook.<\/p>\n\n\n\n<p><\/p>\n\n\n\n<p>Els articles hauran de ser en catal\u00e0 i s&#8217;hauran de fer arribar en format digital. Hauran d&#8217;estar mecanografiats a espai senzill, lletra Arial 10 i hauran de tindre una extensi\u00f3 m\u00e0xima d\u2019una p\u00e0gina.<br><\/p>\n","protected":false},"excerpt":{"rendered":"<p>El Reble s&#8217;actualitzar\u00e0 cada dos mesos. Si esteu interessats a partipar-hi, podeu enviar la vostra aportaci\u00f3 a trav\u00e9s dels seg\u00fcents canals: \u2022 Posant-vos en contacte amb qualsevol membre de la junta. \u2022 Per correu electr\u00f2nic, a trav\u00e9s de l&#8217;adre\u00e7a de l&#8217;Associaci\u00f3: espona@associaciolespona.cat . A trav\u00e9s de la nostra p\u00e0gina de Facebook. Els articles hauran de&hellip;&nbsp;<a href=\"https:\/\/associaciolespona.cat\/reble\/participa\/\" class=\"\" rel=\"bookmark\">Read More &raquo;<span class=\"screen-reader-text\">Participa<\/span><\/a><\/p>\n","protected":false},"author":1,"featured_media":0,"parent":0,"menu_order":0,"comment_status":"closed","ping_status":"closed","template":"","meta":{"_themeisle_gutenberg_block_has_review":false,"footnotes":""},"class_list":["post-19","page","type-page","status-publish","hentry"],"aioseo_notices":[],"_links":{"self":[{"href":"https:\/\/associaciolespona.cat\/reble\/wp-json\/wp\/v2\/pages\/19"}],"collection":[{"href":"https:\/\/associaciolespona.cat\/reble\/wp-json\/wp\/v2\/pages"}],"about":[{"href":"https:\/\/associaciolespona.cat\/reble\/wp-json\/wp\/v2\/types\/page"}],"author":[{"embeddable":true,"href":"https:\/\/associaciolespona.cat\/reble\/wp-json\/wp\/v2\/users\/1"}],"replies":[{"embeddable":true,"href":"https:\/\/associaciolespona.cat\/reble\/wp-json\/wp\/v2\/comments?post=19"}],"version-history":[{"count":2,"href":"https:\/\/associaciolespona.cat\/reble\/wp-json\/wp\/v2\/pages\/19\/revisions"}],"predecessor-version":[{"id":125,"href":"https:\/\/associaciolespona.cat\/reble\/wp-json\/wp\/v2\/pages\/19\/revisions\/125"}],"wp:attachment":[{"href":"https:\/\/associaciolespona.cat\/reble\/wp-json\/wp\/v2\/media?parent=19"}],"curies":[{"name":"wp","href":"https:\/\/api.w.org\/{rel}","templated":true}]}}