{"id":12,"date":"2019-07-26T11:41:44","date_gmt":"2019-07-26T09:41:44","guid":{"rendered":"http:\/\/associaciolespona.cat\/reble\/?page_id=12"},"modified":"2019-09-02T13:00:36","modified_gmt":"2019-09-02T11:00:36","slug":"que-es-el-reble","status":"publish","type":"page","link":"https:\/\/associaciolespona.cat\/reble\/neve-oblique-home\/que-es-el-reble\/","title":{"rendered":"Qu\u00e8 \u00e9s el Reble?"},"content":{"rendered":"\n<p>El Reble \u00e9s el blog de l&#8217;Associaci\u00f3 Cultural l\u2019Espona. L&#8217;Espona va sorgir l&#8217;any 2000 amb la voluntat de fomentar l\u2019estudi i la divulgaci\u00f3 de la hist\u00f2ria, la cultura i les tradicions pr\u00f2pies de la Palma d\u2019Ebre, i amb la intenci\u00f3 d\u2019afavorir la solidaritat, el respecte i la toler\u00e0ncia, aix\u00ed com la interrelaci\u00f3 i la conviv\u00e8ncia entre tots aquells que conformem el teixit social del poble. Des d&#8217;aleshores, organitza diferents iniciatives i activitats culturals i ofereix una s\u00e8rie de serveis tant als seus associats (que actualment superen el centenar) com a tot aquell que hi pugui estar interessat, aix\u00ed com al p\u00fablic en general.<\/p>\n\n\n\n<p>Juntament amb el web i les xarxes socials, el Reble t\u00e9 l&#8217;objectiu d&#8217;esdevenir el nexe d\u2019uni\u00f3 i comunicaci\u00f3 constant entre els socis i s\u00f2cies de l&#8217;Associaci\u00f3, aix\u00ed com d&#8217;informar de totes les activitats que des de l&#8217;Associaci\u00f3 es promouen, a totes aquelles persones que hi puguin estar interessades.<\/p>\n\n\n\n<p>Per a acomplir aquest objectiu, cada dos mesos s&#8217;hi aniran publicant entrades que poden ser de dos tipus:<\/p>\n\n\n\n<p>Per una banda, en aquestes entrades la junta pot mostrar-hi la seua opini\u00f3 sobre diferents q\u00fcestions com ara el desenvolupament de l\u2019Associaci\u00f3 i el seu bon funcionament i vitalitat, per\u00f2 tamb\u00e9 el seu posicionament en relaci\u00f3 amb altres q\u00fcestions d\u2019actualitat o pol\u00e8miques que hi pugui haver en cada moment i que puguin ser de l\u2019inter\u00e8s dels socis i de les s\u00f2cies, tant en l\u2019\u00e0mbit local, regional o global. Aquestes entrades aniran signades de forma gen\u00e8rica, amb l&#8217;ep\u00edgraf&nbsp; &#8220;La Junta&#8221;.<\/p>\n\n\n\n<p>Per una altra banda, en aquestes entrades els socis i les s\u00f2cies de l\u2019Espona poden difondre les seves opinions sobre les diferents q\u00fcestions que puguin sorgir en l\u2019actualitat de cada moment: conflictes de caire territorial, econ\u00f2mic, social i cultural que puguin afectar el poble o el seu \u00e0mbit m\u00e9s proper. Aquestes entrades aniran signades de manera individual, per la persona que les hagi escrit, sigui o no de la junta. L&#8217;Espona no es fa responsable de les opinions expressades, de manera individual, en aquestes entrades<\/p>\n\n\n\n<p>Aquest blog 2.0, \u00e9s la continuaci\u00f3 del butllet\u00ed que, amb el mateix nom, es va publicar entre maig de 2001 i gener de 2018 i del qual van apar\u00e8ixer un total de 100 n\u00fameros. Igual que aquell butllet\u00ed, el blog pret\u00e9n constituir-se en una eina oberta, participativa, que compti amb les aportacions de tots plegats.<br><\/p>\n","protected":false},"excerpt":{"rendered":"<p>El Reble \u00e9s el blog de l&#8217;Associaci\u00f3 Cultural l\u2019Espona. L&#8217;Espona va sorgir l&#8217;any 2000 amb la voluntat de fomentar l\u2019estudi i la divulgaci\u00f3 de la hist\u00f2ria, la cultura i les tradicions pr\u00f2pies de la Palma d\u2019Ebre, i amb la intenci\u00f3 d\u2019afavorir la solidaritat, el respecte i la toler\u00e0ncia, aix\u00ed com la interrelaci\u00f3 i la conviv\u00e8ncia&hellip;&nbsp;<a href=\"https:\/\/associaciolespona.cat\/reble\/neve-oblique-home\/que-es-el-reble\/\" class=\"\" rel=\"bookmark\">Read More &raquo;<span class=\"screen-reader-text\">Qu\u00e8 \u00e9s el Reble?<\/span><\/a><\/p>\n","protected":false},"author":1,"featured_media":66,"parent":50,"menu_order":0,"comment_status":"closed","ping_status":"closed","template":"","meta":{"_themeisle_gutenberg_block_has_review":false,"footnotes":""},"class_list":["post-12","page","type-page","status-publish","has-post-thumbnail","hentry"],"aioseo_notices":[],"_links":{"self":[{"href":"https:\/\/associaciolespona.cat\/reble\/wp-json\/wp\/v2\/pages\/12"}],"collection":[{"href":"https:\/\/associaciolespona.cat\/reble\/wp-json\/wp\/v2\/pages"}],"about":[{"href":"https:\/\/associaciolespona.cat\/reble\/wp-json\/wp\/v2\/types\/page"}],"author":[{"embeddable":true,"href":"https:\/\/associaciolespona.cat\/reble\/wp-json\/wp\/v2\/users\/1"}],"replies":[{"embeddable":true,"href":"https:\/\/associaciolespona.cat\/reble\/wp-json\/wp\/v2\/comments?post=12"}],"version-history":[{"count":2,"href":"https:\/\/associaciolespona.cat\/reble\/wp-json\/wp\/v2\/pages\/12\/revisions"}],"predecessor-version":[{"id":120,"href":"https:\/\/associaciolespona.cat\/reble\/wp-json\/wp\/v2\/pages\/12\/revisions\/120"}],"up":[{"embeddable":true,"href":"https:\/\/associaciolespona.cat\/reble\/wp-json\/wp\/v2\/pages\/50"}],"wp:featuredmedia":[{"embeddable":true,"href":"https:\/\/associaciolespona.cat\/reble\/wp-json\/wp\/v2\/media\/66"}],"wp:attachment":[{"href":"https:\/\/associaciolespona.cat\/reble\/wp-json\/wp\/v2\/media?parent=12"}],"curies":[{"name":"wp","href":"https:\/\/api.w.org\/{rel}","templated":true}]}}